{"id":1096,"date":"2020-02-03T19:33:18","date_gmt":"2020-02-03T18:33:18","guid":{"rendered":"https:\/\/staradpjv.hellothere.pl\/o-nas\/"},"modified":"2024-02-26T17:57:51","modified_gmt":"2024-02-26T16:57:51","slug":"o-nas","status":"publish","type":"page","link":"https:\/\/staradpjv.hellothere.pl\/pl\/o-nas\/","title":{"rendered":"O nas"},"content":{"rendered":"<p>[et_pb_section fb_built=&#8221;1&#8243; admin_label=&#8221;section&#8221; _builder_version=&#8221;4.16&#8243; global_colors_info=&#8221;{}&#8221;][et_pb_row admin_label=&#8221;wiersz&#8221; _builder_version=&#8221;4.16&#8243; background_size=&#8221;initial&#8221; background_position=&#8221;top_left&#8221; background_repeat=&#8221;repeat&#8221; global_colors_info=&#8221;{}&#8221;][et_pb_column type=&#8221;4_4&#8243; _builder_version=&#8221;4.16&#8243; custom_padding=&#8221;|||&#8221; global_colors_info=&#8221;{}&#8221; custom_padding__hover=&#8221;|||&#8221;][et_pb_text admin_label=&#8221;Text&#8221; _builder_version=&#8221;4.19.5&#8243; background_size=&#8221;initial&#8221; background_position=&#8221;top_left&#8221; background_repeat=&#8221;repeat&#8221; global_colors_info=&#8221;{}&#8221;]<\/p>\n<p>&nbsp;<\/p>\n<div class=\"wp-block-image\">\n<figure class=\"alignright size-medium\"><img loading=\"lazy\" decoding=\"async\" width=\"300\" height=\"225\" src=\"https:\/\/staradpjv.hellothere.pl\/wp-content\/uploads\/IMG_0104-300x225.jpg\" alt=\"\" class=\"wp-image-242\"><\/figure>\n<\/div>\n<p>&nbsp;<\/p>\n<p>Niemiecko-Polskie Stowarzyszenie Prawnik\u00f3w (DPJV e.V.) z siedzib\u0105 w Berlinie, powsta\u0142o po zmianach ustrojowych w 1990 roku.<\/p>\n<p>Stowarzyszenie powinno by\u0107 szczeg\u00f3lnie interesuj\u0105ce dla prawnik\u00f3w zainteresowanych prawem polskim i niemieckim oraz rozwojem polsko-niemieckich stosunk\u00f3w i wsp\u00f3\u0142pracy prawnej. Tutaj bowiem mog\u0105 uzyska\u0107 najnowsze informacje z zakresu prawa polskiego i niemieckiego, nawi\u0105za\u0107 kontakty z niemieckimi i polskimi kolegami oraz mie\u0107 mo\u017cliwo\u015b\u0107 rozmowy z wa\u017cnymi dla nich osobami z Niemiec i Polski. Do tego dochodzi polsko-niemiecka wymiana praktyk z doskona\u0142ymi mo\u017cliwo\u015bciami kszta\u0142cenia dla m\u0142odych prawnik\u00f3w lub aplikant\u00f3w, gie\u0142da pracy oraz indeks specjalist\u00f3w.<\/p>\n<p>&nbsp;<\/p>\n<h2>Forum spotka\u0144<\/h2>\n<p>&nbsp;<\/p>\n<p>W 2020 roku DPJV b\u0119dzie obchodzi\u0107 30-lecie istnienia. Obecnie jest jednym z najbardziej aktywnych stowarzysze\u0144 prawnik\u00f3w bilateralnych w Niemczech. W\u015br\u00f3d naszych cz\u0142onk\u00f3w jest wielu adwokat\u00f3w, s\u0119dzi\u00f3w, pracownik\u00f3w naukowych niemieckich i polskich uniwersytet\u00f3w i instytut\u00f3w naukowych, a tak\u017ce doktorant\u00f3w i student\u00f3w prawa.<span class=\"Apple-converted-space\"> <\/span><\/p>\n<p>Jednym z g\u0142\u00f3wnych cel\u00f3w DPJV jest przekazywanie wiedzy z zakresu polskiego prawa. W tym celu organizowane s\u0105 specjalistyczne konferencje. Ponadto stowarzyszenie zawsze stanowi forum spotka\u0144 prawnik\u00f3w niemieckich i polskich w celu wspierania wymiany do\u015bwiadcze\u0144 oraz nawi\u0105zywania kontakt\u00f3w zawodowych i prywatnych.<\/p>\n<p>Zgodnie z wymogami statutowymi stowarzyszenia, szczeg\u00f3lnie w ostatnich latach w\u0142o\u017cono wiele wysi\u0142ku, aby m\u00f3c zaoferowa\u0107 cz\u0142onkom i zainteresowanym atrakcyjny program. Opr\u00f3cz specjalistycznych konferencji, sympozj\u00f3w i imprez dydaktycznych promowano r\u00f3wnie\u017c post\u0119puj\u0105cy rozw\u00f3j polsko-niemieckich stosunk\u00f3w prawnych. Na przyk\u0142ad podczas obchod\u00f3w dziesi\u0105tej rocznicy powstania DPJV zaproszeni jako go\u015bcie honorowi ministrowie sprawiedliwo\u015bci obu kraj\u00f3w podpisali &#8222;Wsp\u00f3ln\u0105 deklaracj\u0119&#8221; o intensyfikacji wsp\u00f3\u0142pracy mi\u0119dzy resortami w dziedzinie prawa.<\/p>\n<p>&nbsp;<\/p>\n<h2>Wymiana dostarcza wiedzy<\/h2>\n<p>&nbsp;<\/p>\n<p>Jednym z cel\u00f3w DPJV jest publikacja pierwszego i jak dot\u0105d jedynego niemiecko-polskiego czasopisma prawniczego (DPJZ). Od trzeciego kwarta\u0142u 2000 roku artyku\u0142y prawne dotycz\u0105ce prawa polskiego, orzeczenia s\u0105d\u00f3w (najwy\u017cszych) oraz raporty terenowe drukowane s\u0105 w j\u0119zyku niemieckim i polskim. Opr\u00f3cz cz\u0142onk\u00f3w i os\u00f3b zainteresowanych czasopismo jest prenumerowane przede wszystkim przez niemieckie uniwersytety, instytuty specjalistyczne i s\u0105dy. Aby zaoferowa\u0107 m\u0142odym &#8211; zw\u0142aszcza prawnikom &#8211; aplikantom wsparcie w poszukiwaniu odpowiedniego wyzwania zawodowego, wprowadzono Gie\u0142d\u0119 Pracy, kt\u00f3ra wyst\u0119puje jako niezale\u017cna sekcja w ramach DPJZ. Oczywi\u015bcie pomaga to r\u00f3wnie\u017c potencjalnym pracodawcom w poszukiwaniu m\u0142odszych pracownik\u00f3w.<\/p>\n<p>&nbsp;<\/p>\n<p>DPJV utworzy\u0142a r\u00f3wnie\u017c kartotek\u0119 specjalist\u00f3w, aby m\u00f3c odpowiedzie\u0107 na r\u00f3\u017cne pro\u015bby o ekspert\u00f3w, kt\u00f3rzy maj\u0105 specyficzn\u0105 wiedz\u0119 na temat polskiego prawa. Na \u017c\u0105danie mo\u017cliwy jest r\u00f3wnie\u017c dost\u0119p os\u00f3b trzecich. W tym miejscu osoba poszukuj\u0105ca porady znajdzie prawnik\u00f3w, kt\u00f3rzy maj\u0105 wpisane do indeksu w odniesieniu do swoich specjalizacji zawodowych.<\/p>\n<p>&nbsp;<\/p>\n<p>Polsko-niemiecka wymiana aplikant\u00f3w daje wielu m\u0142odym prawnikom mo\u017cliwo\u015b\u0107 kilkumiesi\u0119cznej pracy w kancelarii w drugim kraju i poznania nie tylko zawodu prawnika w tym kraju, ale tak\u017ce prawa, j\u0119zyka prawniczego oraz charakterystyki kraju i jego mieszka\u0144c\u00f3w. Dla wielu os\u00f3b zdobyte tam do\u015bwiadczenie jest wa\u017cnym warunkiem wst\u0119pnym do p\u00f3\u017aniejszej udanej pracy za granic\u0105 z niezb\u0119dnym know-how i zrozumieniem.<\/p>\n<p>&nbsp;<\/p>\n<h2>Wydarzenia dla praktyk\u00f3w<\/h2>\n<p>&nbsp;<\/p>\n<p>Stowarzyszenie przywi\u0105zuje du\u017c\u0105 wag\u0119 do imprez bran\u017cowych. Wsp\u00f3lnie z BRAK &#8211; i jego hojnym wsparciem finansowym &#8211; oraz Instytutem Prawnik\u00f3w Niemieckich mo\u017cliwe by\u0142o np. zorganizowanie cyklu wyk\u0142ad\u00f3w DPJV &#8222;Polska Szko\u0142a Prawa&#8221;. By\u0142o to pi\u0119\u0107 dwudniowych kurs\u00f3w dotycz\u0105cych wybranych zagadnie\u0144 z zakresu prawa gospodarczego. Ten cykl kurs\u00f3w, pomy\u015blany jako konferencja dla praktyk\u00f3w, da\u0142 uczestnikom mo\u017cliwo\u015b\u0107 zapoznania si\u0119 z podstawami polskiego prawa handlowego, jak r\u00f3wnie\u017c z g\u0142\u00f3wnymi cechami polskiego prawa post\u0119powania cywilnego. W mi\u0119dzyczasie BRAK zapowiedzia\u0142 ch\u0119\u0107 i zainteresowanie kontynuacj\u0105 cyklu wyk\u0142ad\u00f3w. Kolejne kursy b\u0119d\u0105 odbywa\u0107 si\u0119 we wsp\u00f3\u0142pracy z Wydzia\u0142em Prawa Uniwersytetu Warszawskiego.<\/p>\n<p>&nbsp;<\/p>\n<p>Imprezy DPJV odbywaj\u0105 si\u0119 zazwyczaj we wsp\u00f3\u0142pracy z innymi instytutami, na przyk\u0142ad Europejsk\u0105 Szko\u0142\u0105 Ekonomiczn\u0105, Uniwersytetem Europejskim Viadrina &#8211; ale tak\u017ce z innymi stowarzyszeniami prawniczymi i r\u00f3\u017cnymi bankami.<\/p>\n<p>&nbsp;<\/p>\n<div style=\"height: 100px;\" aria-hidden=\"true\" class=\"wp-block-spacer\"><\/div>\n<p>&nbsp;<\/p>\n<div style=\"height: 100px;\" aria-hidden=\"true\" class=\"wp-block-spacer\"><\/div>\n<p>&nbsp;<\/p>\n<p>&nbsp;<\/p>\n<p>&nbsp;<\/p>\n<p>&nbsp;<\/p>\n<p>&nbsp;<\/p>\n<p>&nbsp;<\/p>\n<p>&nbsp;<\/p>\n<p>&nbsp;<\/p>\n<p>[\/et_pb_text][\/et_pb_column][\/et_pb_row][\/et_pb_section]<\/p>\n","protected":false},"excerpt":{"rendered":"<p>&nbsp; &nbsp; Niemiecko-Polskie Stowarzyszenie Prawnik\u00f3w (DPJV e.V.) z siedzib\u0105 w Berlinie, powsta\u0142o po zmianach ustrojowych w 1990 roku. Stowarzyszenie powinno by\u0107 szczeg\u00f3lnie interesuj\u0105ce dla prawnik\u00f3w zainteresowanych prawem polskim i niemieckim oraz rozwojem polsko-niemieckich stosunk\u00f3w i wsp\u00f3\u0142pracy prawnej. Tutaj bowiem mog\u0105 uzyska\u0107 najnowsze informacje z zakresu prawa polskiego i niemieckiego, nawi\u0105za\u0107 kontakty z niemieckimi i polskimi [&hellip;]<\/p>\n","protected":false},"author":3,"featured_media":902,"parent":0,"menu_order":0,"comment_status":"closed","ping_status":"closed","template":"","meta":{"_et_pb_use_builder":"on","_et_pb_old_content":"","_et_gb_content_width":"","_cbd_carousel_blocks":"[]","footnotes":""},"class_list":["post-1096","page","type-page","status-publish","has-post-thumbnail","hentry"],"_links":{"self":[{"href":"https:\/\/staradpjv.hellothere.pl\/pl\/wp-json\/wp\/v2\/pages\/1096","targetHints":{"allow":["GET"]}}],"collection":[{"href":"https:\/\/staradpjv.hellothere.pl\/pl\/wp-json\/wp\/v2\/pages"}],"about":[{"href":"https:\/\/staradpjv.hellothere.pl\/pl\/wp-json\/wp\/v2\/types\/page"}],"author":[{"embeddable":true,"href":"https:\/\/staradpjv.hellothere.pl\/pl\/wp-json\/wp\/v2\/users\/3"}],"replies":[{"embeddable":true,"href":"https:\/\/staradpjv.hellothere.pl\/pl\/wp-json\/wp\/v2\/comments?post=1096"}],"version-history":[{"count":9,"href":"https:\/\/staradpjv.hellothere.pl\/pl\/wp-json\/wp\/v2\/pages\/1096\/revisions"}],"predecessor-version":[{"id":1883,"href":"https:\/\/staradpjv.hellothere.pl\/pl\/wp-json\/wp\/v2\/pages\/1096\/revisions\/1883"}],"wp:featuredmedia":[{"embeddable":true,"href":"https:\/\/staradpjv.hellothere.pl\/pl\/wp-json\/wp\/v2\/media\/902"}],"wp:attachment":[{"href":"https:\/\/staradpjv.hellothere.pl\/pl\/wp-json\/wp\/v2\/media?parent=1096"}],"curies":[{"name":"wp","href":"https:\/\/api.w.org\/{rel}","templated":true}]}}