{"id":1063,"date":"2019-07-04T15:40:36","date_gmt":"2019-07-04T13:40:36","guid":{"rendered":"https:\/\/staradpjv.hellothere.pl\/rada-dyrektorow\/"},"modified":"2025-08-12T10:48:56","modified_gmt":"2025-08-12T08:48:56","slug":"rada-dyrektorow","status":"publish","type":"page","link":"https:\/\/staradpjv.hellothere.pl\/pl\/rada-dyrektorow\/","title":{"rendered":"Zarz\u0105d"},"content":{"rendered":"<p>[et_pb_section fb_built=&#8221;1&#8243; _builder_version=&#8221;4.16&#8243; global_colors_info=&#8221;{}&#8221;][et_pb_row _builder_version=&#8221;4.16&#8243; global_colors_info=&#8221;{}&#8221;][et_pb_column type=&#8221;4_4&#8243; _builder_version=&#8221;4.16&#8243; global_colors_info=&#8221;{}&#8221;][et_pb_text _builder_version=&#8221;4.16&#8243; _module_preset=&#8221;default&#8221; global_colors_info=&#8221;{}&#8221;]<\/p>\n<h2><strong>Cz\u0142onkowie zarz\u0105du<\/strong><\/h2>\n<p>[\/et_pb_text][et_pb_team_member name=&#8221;Prof. dr Ewa Tuora-Schwierskott (Wroc\u0142aw)&#8221; position=&#8221;Przewodnicz\u0105ca&#8221; image_url=&#8221;https:\/\/staradpjv.hellothere.pl\/wp-content\/uploads\/nowefoto.png&#8221; _builder_version=&#8221;4.22.2&#8243; max_width=&#8221;100%&#8221; link_option_url=&#8221;mailto:schwierskott@dpjv.de&#8221; box_shadow_style_image=&#8221;preset2&#8243; global_colors_info=&#8221;{}&#8221;][\/et_pb_team_member][et_pb_team_member name=&#8221;Julita Gold, LL.M., prawnik (Berlin)&#8221; position=&#8221;Pierwsza zast\u0119pczyni Przewodnicz\u0105cej&#8221; image_url=&#8221;https:\/\/staradpjv.hellothere.pl\/wp-content\/uploads\/4-2.jpg&#8221; _builder_version=&#8221;4.22.2&#8243; link_option_url=&#8221;mailto:julita.gold@dpjv.de&#8221; box_shadow_style_image=&#8221;preset2&#8243; global_colors_info=&#8221;{}&#8221;][\/et_pb_team_member][et_pb_team_member name=&#8221;dr Monika Paw\u0119ska&#8221; position=&#8221;Druga zast\u0119pczyni Przewodnicz\u0105cej&#8221; image_url=&#8221;https:\/\/staradpjv.hellothere.pl\/wp-content\/uploads\/pawes-2.jpg&#8221; _builder_version=&#8221;4.27.4&#8243; link_option_url=&#8221;mailto: paweska@dpjv.de&#8221; hover_enabled=&#8221;0&#8243; box_shadow_style_image=&#8221;preset2&#8243; global_colors_info=&#8221;{}&#8221; sticky_enabled=&#8221;0&#8243;][\/et_pb_team_member][et_pb_team_member name=&#8221;Prof. Pawe\u0142 Kuczma&#8221; position=&#8221;1. Cz\u0142onek Zarz\u0105du&#8221; image_url=&#8221;https:\/\/staradpjv.hellothere.pl\/wp-content\/uploads\/kuczma.jpg&#8221; _builder_version=&#8221;4.22.2&#8243; link_option_url=&#8221;mailto: kuczma@dpjv.de&#8221; box_shadow_style_image=&#8221;preset2&#8243; global_colors_info=&#8221;{}&#8221;][\/et_pb_team_member][et_pb_team_member name=&#8221;RA El\u017cbieta Burzy\u0144ski&#8221; position=&#8221;2. Cz\u0142onek Zarz\u0105du oraz skarbnik&#8221; image_url=&#8221;https:\/\/staradpjv.hellothere.pl\/wp-content\/uploads\/eburzynski.jpg&#8221; _builder_version=&#8221;4.22.2&#8243; link_option_url=&#8221;mailto: burzynski@dpjv.de&#8221; box_shadow_style_image=&#8221;preset2&#8243; global_colors_info=&#8221;{}&#8221;][\/et_pb_team_member][et_pb_team_member name=&#8221;dr Robert Dziuba&#8221; position=&#8221;4. cz\u0142onek Zarz\u0105du&#8221; image_url=&#8221;https:\/\/staradpjv.hellothere.pl\/wp-content\/uploads\/Robert-Dziuba.jpg&#8221; _builder_version=&#8221;4.22.2&#8243; link_option_url=&#8221;mailto: burzynski@dpjv.de&#8221; box_shadow_style_image=&#8221;preset2&#8243; global_colors_info=&#8221;{}&#8221;][\/et_pb_team_member][\/et_pb_column][\/et_pb_row][et_pb_row _builder_version=&#8221;4.16&#8243; global_colors_info=&#8221;{}&#8221;][et_pb_column type=&#8221;4_4&#8243; _builder_version=&#8221;4.16&#8243; global_colors_info=&#8221;{}&#8221;][et_pb_text _builder_version=&#8221;4.16&#8243; _module_preset=&#8221;default&#8221; global_colors_info=&#8221;{}&#8221;]<\/p>\n<h2><strong>Finanse<\/strong><\/h2>\n<p>[\/et_pb_text][et_pb_team_member name=&#8221;dr Matthias von Kossak&#8221; position=&#8221;3. cz\u0142onek Zarz\u0105du&#8221; image_url=&#8221;https:\/\/staradpjv.hellothere.pl\/wp-content\/uploads\/kossack.jpg&#8221; _builder_version=&#8221;4.27.4&#8243; width=&#8221;100%&#8221; module_alignment=&#8221;left&#8221; link_option_url=&#8221;mailto:kossak@dpjv.de&#8221; box_shadow_style_image=&#8221;preset2&#8243; global_colors_info=&#8221;{}&#8221;][\/et_pb_team_member][\/et_pb_column][\/et_pb_row][\/et_pb_section]<\/p>\n","protected":false},"excerpt":{"rendered":"<p>Cz\u0142onkowie zarz\u0105duFinanse<\/p>\n","protected":false},"author":3,"featured_media":0,"parent":0,"menu_order":0,"comment_status":"closed","ping_status":"closed","template":"","meta":{"_et_pb_use_builder":"on","_et_pb_old_content":"","_et_gb_content_width":"","_cbd_carousel_blocks":"[]","footnotes":""},"class_list":["post-1063","page","type-page","status-publish","hentry"],"_links":{"self":[{"href":"https:\/\/staradpjv.hellothere.pl\/pl\/wp-json\/wp\/v2\/pages\/1063","targetHints":{"allow":["GET"]}}],"collection":[{"href":"https:\/\/staradpjv.hellothere.pl\/pl\/wp-json\/wp\/v2\/pages"}],"about":[{"href":"https:\/\/staradpjv.hellothere.pl\/pl\/wp-json\/wp\/v2\/types\/page"}],"author":[{"embeddable":true,"href":"https:\/\/staradpjv.hellothere.pl\/pl\/wp-json\/wp\/v2\/users\/3"}],"replies":[{"embeddable":true,"href":"https:\/\/staradpjv.hellothere.pl\/pl\/wp-json\/wp\/v2\/comments?post=1063"}],"version-history":[{"count":45,"href":"https:\/\/staradpjv.hellothere.pl\/pl\/wp-json\/wp\/v2\/pages\/1063\/revisions"}],"predecessor-version":[{"id":2613,"href":"https:\/\/staradpjv.hellothere.pl\/pl\/wp-json\/wp\/v2\/pages\/1063\/revisions\/2613"}],"wp:attachment":[{"href":"https:\/\/staradpjv.hellothere.pl\/pl\/wp-json\/wp\/v2\/media?parent=1063"}],"curies":[{"name":"wp","href":"https:\/\/api.w.org\/{rel}","templated":true}]}}