{"id":1062,"date":"2019-07-05T12:05:59","date_gmt":"2019-07-05T10:05:59","guid":{"rendered":"https:\/\/staradpjv.hellothere.pl\/nadruk\/"},"modified":"2024-02-26T18:05:42","modified_gmt":"2024-02-26T17:05:42","slug":"impressum","status":"publish","type":"page","link":"https:\/\/staradpjv.hellothere.pl\/pl\/impressum\/","title":{"rendered":"Dane firmowe"},"content":{"rendered":"<p>[et_pb_section fb_built=&#8221;1&#8243; admin_label=&#8221;section&#8221; _builder_version=&#8221;4.16&#8243; global_colors_info=&#8221;{}&#8221;][et_pb_row admin_label=&#8221;wiersz&#8221; _builder_version=&#8221;4.16&#8243; background_size=&#8221;initial&#8221; background_position=&#8221;top_left&#8221; background_repeat=&#8221;repeat&#8221; global_colors_info=&#8221;{}&#8221;][et_pb_column type=&#8221;4_4&#8243; _builder_version=&#8221;4.16&#8243; custom_padding=&#8221;|||&#8221; global_colors_info=&#8221;{}&#8221; custom_padding__hover=&#8221;|||&#8221;][et_pb_text admin_label=&#8221;Text&#8221; _builder_version=&#8221;4.16&#8243; background_size=&#8221;initial&#8221; background_position=&#8221;top_left&#8221; background_repeat=&#8221;repeat&#8221; global_colors_info=&#8221;{}&#8221;]<\/p>\n<p>&nbsp;<\/p>\n<figure class=\"wp-block-image\"><img loading=\"lazy\" decoding=\"async\" width=\"973\" height=\"352\" src=\"https:\/\/staradpjv.hellothere.pl\/wp-content\/uploads\/2019\/07\/DPJV-Logo.jpg\" alt=\"\" class=\"wp-image-36\" srcset=\"https:\/\/staradpjv.hellothere.pl\/wp-content\/uploads\/2019\/07\/DPJV-Logo.jpg 973w, https:\/\/staradpjv.hellothere.pl\/wp-content\/uploads\/2019\/07\/DPJV-Logo-300x109.jpg 300w, https:\/\/staradpjv.hellothere.pl\/wp-content\/uploads\/2019\/07\/DPJV-Logo-768x278.jpg 768w, https:\/\/staradpjv.hellothere.pl\/wp-content\/uploads\/2019\/07\/DPJV-Logo-610x221.jpg 610w\" sizes=\"(max-width: 973px) 100vw, 973px\" \/><\/figure>\n<p>&nbsp;<\/p>\n<h2>Informacje zgodnie z \u00a7 5 TMG<\/h2>\n<p>&nbsp;<\/p>\n<p>Niemiecko-Polskie Stowarzyszenie Prawnik\u00f3w e.V.<\/p>\n<p>Littenstr. 11<\/p>\n<p>10179 Berlin<\/p>\n<p>&nbsp;<\/p>\n<p>Rejestr stowarzysze\u0144: VR 10697 Nz<\/p>\n<p>S\u0105d rejestrowy: Rejestr stowarzysze\u0144 s\u0105du rejonowego Berlin-Charlottenburg<\/p>\n<p>&nbsp;<\/p>\n<p><strong>Reprezentowany przez:<\/strong><br \/>Przewodnicz\u0105ca Zarz\u0105du: Prof. dr hab. Ewa Tuora-Schwierskott (Wroc\u0142aw)<br \/>Pierwszy zast\u0119pca Przewodnicz\u0105cy: <span>RAin Julita Gold (Berlin)<\/span><br \/>Drugi zast\u0119pca Przewodnicz\u0105ca: <span>Dr Agnieszka Malicka (Wroc\u0142aw)<\/span><br \/>Skarbnik: Matthias von Kossack (Berlin)<\/p>\n<p>&nbsp;<\/p>\n<h2>Kontakt<\/h2>\n<p>&nbsp;<\/p>\n<p>E-mail: info@dpjv.de<\/p>\n<p>&nbsp;<\/p>\n<h2>Odpowiedzialny za tre\u015b\u0107 zgodnie z \u00a7 55 ust. 2 RStV<\/h2>\n<p>&nbsp;<\/p>\n<p>Prof. dr Ewa Tuora-Schwierskott<\/p>\n<p><span>Littenstr. 11<\/span><br \/><span>10179 Berlin<\/span><br \/>Niemcy<\/p>\n<p>&nbsp;<\/p>\n<p>Nie mamy ochoty ani obowi\u0105zku uczestniczy\u0107 w post\u0119powaniu w sprawie rozstrzygania spor\u00f3w przed polubownym s\u0105dem konsumenckim.<\/p>\n<p>&nbsp;<\/p>\n<h3>Odpowiedzialno\u015b\u0107 za zawarto\u015b\u0107<\/h3>\n<p>&nbsp;<\/p>\n<p>Jako us\u0142ugodawca jeste\u015bmy, zgodnie z \u00a7 7 ust. 1 TMG jest odpowiedzialna za w\u0142asne tre\u015bci na tych stronach zgodnie z og\u00f3lnymi przepisami prawa. Zgodnie z \u00a7\u00a7 8 do 10 TMG nie jeste\u015bmy jednak zobowi\u0105zani jako us\u0142ugodawca do monitorowania przesy\u0142anych lub przechowywanych informacji os\u00f3b trzecich ani do badania okoliczno\u015bci wskazuj\u0105cych na nielegaln\u0105 dzia\u0142alno\u015b\u0107.<\/p>\n<p>&nbsp;<\/p>\n<p>Zobowi\u0105zania do usuni\u0119cia lub zablokowania wykorzystania informacji zgodnie z og\u00f3lnymi przepisami prawa pozostaj\u0105 nienaruszone. Odpowiedzialno\u015b\u0107 w tym zakresie jest jednak mo\u017cliwa dopiero od momentu powzi\u0119cia wiadomo\u015bci o konkretnym naruszeniu. Je\u015bli dowiemy si\u0119 o takich naruszeniach, natychmiast usuniemy te tre\u015bci.<\/p>\n<p>&nbsp;<\/p>\n<h3>Odpowiedzialno\u015b\u0107 za linki<\/h3>\n<p>&nbsp;<\/p>\n<p>Nasza oferta zawiera linki do zewn\u0119trznych stron internetowych os\u00f3b trzecich, na kt\u00f3rych tre\u015b\u0107 nie mamy wp\u0142ywu. Dlatego nie mo\u017cemy przej\u0105\u0107 \u017cadnej odpowiedzialno\u015bci za te zewn\u0119trzne tre\u015bci. Za tre\u015b\u0107 stron, do kt\u00f3rych prowadz\u0105 linki, odpowiada zawsze dany oferent lub operator tych stron. Podlinkowane strony zosta\u0142y sprawdzone pod k\u0105tem ewentualnych narusze\u0144 prawa w momencie umieszczania link\u00f3w. Nielegalne tre\u015bci nie by\u0142y rozpoznawalne w momencie linkowania.<\/p>\n<p>&nbsp;<\/p>\n<p>Sta\u0142a kontrola zawarto\u015bci linkowanych stron nie jest jednak zasadna bez konkretnych przes\u0142anek wskazuj\u0105cych na naruszenie prawa. W przypadku powzi\u0119cia informacji o naruszeniu prawa, niezw\u0142ocznie usuniemy takie linki.<\/p>\n<p>&nbsp;<\/p>\n<h3>Copyright<\/h3>\n<p>&nbsp;<\/p>\n<p>Tre\u015bci i dzie\u0142a stworzone przez operator\u00f3w stron na tych stronach podlegaj\u0105 niemieckiemu prawu autorskiemu. Powielanie, redagowanie, rozpowszechnianie i wszelkiego rodzaju wykorzystanie poza granicami prawa autorskiego wymaga pisemnej zgody danego autora lub tw\u00f3rcy. Pobieranie i kopiowanie tej strony jest dozwolone tylko do prywatnego, niekomercyjnego u\u017cytku.<\/p>\n<p>&nbsp;<\/p>\n<p>O ile tre\u015bci na tej stronie nie zosta\u0142y stworzone przez operatora, przestrzegane s\u0105 prawa autorskie os\u00f3b trzecich. W szczeg\u00f3lno\u015bci tre\u015bci os\u00f3b trzecich s\u0105 oznaczone jako takie. Je\u015bli mimo to dowiedz\u0105 si\u0119 Pa\u0144stwo o naruszeniu praw autorskich, prosimy o poinformowanie nas o tym. Je\u015bli dowiemy si\u0119 o jakichkolwiek naruszeniach, natychmiast usuniemy takie tre\u015bci.<\/p>\n<p>&nbsp;<\/p>\n<p>\u0179r\u00f3d\u0142o: <a href=\"https:\/\/www.e-recht24.de\/impressum-generator.html\">https:\/\/www.e-recht24.de\/impressum-generator.html<\/a><\/p>\n<p>&nbsp;<\/p>\n<h2>Biuro<\/h2>\n<p>&nbsp;<\/p>\n<p>Niemiecko-Polskie Stowarzyszenie Prawnik\u00f3w e.V.<br \/>Prof. dr Ewa Tuora-Schwierskott<br \/>ul. Akacjowa 11a<br \/>55-080 Mokronos G\u00f3rny\/Wroc\u0142aw<br \/>Polska<\/p>\n<p>&nbsp;<\/p>\n<h2>Urz\u0105d Skarbowy<\/h2>\n<p>&nbsp;<\/p>\n<p>Urz\u0105d Skarbowy dla Korporacji I<br \/>Gerichtstra\u00dfe 27<br \/>13347 Berlin<\/p>\n<p>&nbsp;<\/p>\n<p>Numer podatkowy: 27 \/ 663 \/ 50360<\/p>\n<p>&nbsp;<\/p>\n<h2>\u0179r\u00f3d\u0142o zdj\u0119\u0107<\/h2>\n<p>&nbsp;<\/p>\n<p><a href=\"https:\/\/unsplash.com\/@mikael_k?utm_source=unsplash&amp;utm_medium=referral&amp;utm_content=creditCopyText\">Mikael Kristenson<\/a> na <a href=\"https:\/\/unsplash.com\/?utm_source=unsplash&amp;utm_medium=referral&amp;utm_content=creditCopyText\">Unsplash<\/a><\/p>\n<p>&nbsp;<\/p>\n<p><a href=\"https:\/\/pixabay.com\">pixabay.com<\/a><\/p>\n<p>&nbsp;<\/p>\n<p>[\/et_pb_text][\/et_pb_column][\/et_pb_row][\/et_pb_section]<\/p>\n","protected":false},"excerpt":{"rendered":"<p>&nbsp; &nbsp; Informacje zgodnie z \u00a7 5 TMG &nbsp; Niemiecko-Polskie Stowarzyszenie Prawnik\u00f3w e.V. Littenstr. 11 10179 Berlin &nbsp; Rejestr stowarzysze\u0144: VR 10697 Nz S\u0105d rejestrowy: Rejestr stowarzysze\u0144 s\u0105du rejonowego Berlin-Charlottenburg &nbsp; Reprezentowany przez:Przewodnicz\u0105ca Zarz\u0105du: Prof. dr hab. Ewa Tuora-Schwierskott (Wroc\u0142aw)Pierwszy zast\u0119pca Przewodnicz\u0105cy: RAin Julita Gold (Berlin)Drugi zast\u0119pca Przewodnicz\u0105ca: Dr Agnieszka Malicka (Wroc\u0142aw)Skarbnik: Matthias von Kossack [&hellip;]<\/p>\n","protected":false},"author":3,"featured_media":862,"parent":0,"menu_order":0,"comment_status":"closed","ping_status":"closed","template":"","meta":{"_et_pb_use_builder":"on","_et_pb_old_content":"","_et_gb_content_width":"","_cbd_carousel_blocks":"[]","footnotes":""},"class_list":["post-1062","page","type-page","status-publish","has-post-thumbnail","hentry"],"_links":{"self":[{"href":"https:\/\/staradpjv.hellothere.pl\/pl\/wp-json\/wp\/v2\/pages\/1062","targetHints":{"allow":["GET"]}}],"collection":[{"href":"https:\/\/staradpjv.hellothere.pl\/pl\/wp-json\/wp\/v2\/pages"}],"about":[{"href":"https:\/\/staradpjv.hellothere.pl\/pl\/wp-json\/wp\/v2\/types\/page"}],"author":[{"embeddable":true,"href":"https:\/\/staradpjv.hellothere.pl\/pl\/wp-json\/wp\/v2\/users\/3"}],"replies":[{"embeddable":true,"href":"https:\/\/staradpjv.hellothere.pl\/pl\/wp-json\/wp\/v2\/comments?post=1062"}],"version-history":[{"count":12,"href":"https:\/\/staradpjv.hellothere.pl\/pl\/wp-json\/wp\/v2\/pages\/1062\/revisions"}],"predecessor-version":[{"id":1887,"href":"https:\/\/staradpjv.hellothere.pl\/pl\/wp-json\/wp\/v2\/pages\/1062\/revisions\/1887"}],"wp:featuredmedia":[{"embeddable":true,"href":"https:\/\/staradpjv.hellothere.pl\/pl\/wp-json\/wp\/v2\/media\/862"}],"wp:attachment":[{"href":"https:\/\/staradpjv.hellothere.pl\/pl\/wp-json\/wp\/v2\/media?parent=1062"}],"curies":[{"name":"wp","href":"https:\/\/api.w.org\/{rel}","templated":true}]}}