{"id":1057,"date":"2019-10-09T18:33:57","date_gmt":"2019-10-09T16:33:57","guid":{"rendered":"https:\/\/staradpjv.hellothere.pl\/niemiecko-polski-dziennik-prawniczy-dpjz\/"},"modified":"2023-06-21T09:52:55","modified_gmt":"2023-06-21T07:52:55","slug":"niemiecko-polski-dziennik-prawniczy-dpjz","status":"publish","type":"page","link":"https:\/\/staradpjv.hellothere.pl\/pl\/niemiecko-polski-dziennik-prawniczy-dpjz\/","title":{"rendered":"Deutsch-Polnische Juristen-Zeitschrift (DPJZ)"},"content":{"rendered":"\n<p>Czasopismo &#8211; Deutsch-Polnische Juristen-Zeitschrift &#8211; (DPJZ) jest wydawane co kwarta\u0142 od 1998 roku przez DPJV. Celem DPJZ jest przybli\u017cenie czytelnikom problem\u00f3w prawnych w obu krajach. Grup\u0105 docelow\u0105 s\u0105 prawnicy, kt\u00f3rzy s\u0105 aktywni zawodowo i naukowo w dziedzinie niemiecko-polskich stosunk\u00f3w prawnych. W DPJZ publikowane s\u0105 specjalistyczne artyku\u0142y prawnicze dotycz\u0105ce prawa polskiego i niemieckiego, komentarze do wyrok\u00f3w (tak\u017ce najwy\u017cszych trybuna\u0142\u00f3w) oraz analizy prawnicze w j\u0119zyku niemieckim i polskim. Czasopismo otrzymuj\u0105 cz\u0142onkowie DPJV i inne zainteresowane osoby i jest tak\u017ce prenumerowane przez niemieckie i polskie uniwersytety, instytuty naukowe oraz s\u0105dy (w tym Bundesgerichtshof &#8211; Trybuna\u0142 Federalny). Czasopismo wnosi istotny wk\u0142ad w rozw\u00f3j polskiej i niemieckiej nauki prawa oraz w przekazywanie wiedzy o systemie prawnym kraju s\u0105siedniego. Od lipca 2015 r. DPJZ jest notowane na li\u015bcie ERIH PLUS. Znajduje si\u0119 tak\u017ce na li\u015bcie polskiego Ministerstwa Edukacji i Nauki czasopism punktowanych.<\/p>\n\n<p>Bie\u017c\u0105cy numer i archiwum DPJZ znajd\u0105 Pa\u0144stwo pod adresem <a rel=\"noreferrer noopener\" aria-label=\"http:\/\/www.dpjz.de (opens in a new tab)\" href=\"http:\/\/www.dpjz.de\" target=\"_blank\">http:\/\/www.dpjz.de<\/a><\/p>\n\n<p><\/p>\n\n<figure class=\"wp-block-image\"><img loading=\"lazy\" decoding=\"async\" width=\"724\" height=\"596\" src=\"https:\/\/staradpjv.hellothere.pl\/wp-content\/uploads\/dpjz.jpg\" alt=\"\" class=\"wp-image-262\" srcset=\"https:\/\/staradpjv.hellothere.pl\/wp-content\/uploads\/dpjz.jpg 724w, https:\/\/staradpjv.hellothere.pl\/wp-content\/uploads\/dpjz-480x395.jpg 480w\" sizes=\"(min-width: 0px) and (max-width: 480px) 480px, (min-width: 481px) 724px, 100vw\" \/><\/figure>","protected":false},"excerpt":{"rendered":"<p>Czasopismo &#8211; Deutsch-Polnische Juristen-Zeitschrift &#8211; (DPJZ) jest wydawane co kwarta\u0142 od 1998 roku przez DPJV. Celem DPJZ jest przybli\u017cenie czytelnikom problem\u00f3w prawnych w obu krajach. Grup\u0105 docelow\u0105 s\u0105 prawnicy, kt\u00f3rzy s\u0105 aktywni zawodowo i naukowo w dziedzinie niemiecko-polskich stosunk\u00f3w prawnych. W DPJZ publikowane s\u0105 specjalistyczne artyku\u0142y prawnicze dotycz\u0105ce prawa polskiego i niemieckiego, komentarze do wyrok\u00f3w [&hellip;]<\/p>\n","protected":false},"author":3,"featured_media":0,"parent":0,"menu_order":0,"comment_status":"closed","ping_status":"closed","template":"","meta":{"_et_pb_use_builder":"off","_et_pb_old_content":"","_et_gb_content_width":"","_cbd_carousel_blocks":"[]","footnotes":""},"class_list":["post-1057","page","type-page","status-publish","hentry"],"_links":{"self":[{"href":"https:\/\/staradpjv.hellothere.pl\/pl\/wp-json\/wp\/v2\/pages\/1057","targetHints":{"allow":["GET"]}}],"collection":[{"href":"https:\/\/staradpjv.hellothere.pl\/pl\/wp-json\/wp\/v2\/pages"}],"about":[{"href":"https:\/\/staradpjv.hellothere.pl\/pl\/wp-json\/wp\/v2\/types\/page"}],"author":[{"embeddable":true,"href":"https:\/\/staradpjv.hellothere.pl\/pl\/wp-json\/wp\/v2\/users\/3"}],"replies":[{"embeddable":true,"href":"https:\/\/staradpjv.hellothere.pl\/pl\/wp-json\/wp\/v2\/comments?post=1057"}],"version-history":[{"count":4,"href":"https:\/\/staradpjv.hellothere.pl\/pl\/wp-json\/wp\/v2\/pages\/1057\/revisions"}],"predecessor-version":[{"id":1299,"href":"https:\/\/staradpjv.hellothere.pl\/pl\/wp-json\/wp\/v2\/pages\/1057\/revisions\/1299"}],"wp:attachment":[{"href":"https:\/\/staradpjv.hellothere.pl\/pl\/wp-json\/wp\/v2\/media?parent=1057"}],"curies":[{"name":"wp","href":"https:\/\/api.w.org\/{rel}","templated":true}]}}