{"id":1052,"date":"2019-07-05T12:46:50","date_gmt":"2019-07-05T10:46:50","guid":{"rendered":"https:\/\/staradpjv.hellothere.pl\/czlonkostwo\/"},"modified":"2024-12-14T18:24:31","modified_gmt":"2024-12-14T17:24:31","slug":"czlonkostwo","status":"publish","type":"page","link":"https:\/\/staradpjv.hellothere.pl\/pl\/czlonkostwo\/","title":{"rendered":"Cz\u0142onkostwo"},"content":{"rendered":"<p>[et_pb_section fb_built=&#8221;1&#8243; admin_label=&#8221;section&#8221; _builder_version=&#8221;4.16&#8243; global_colors_info=&#8221;{}&#8221;][et_pb_row admin_label=&#8221;wiersz&#8221; _builder_version=&#8221;4.16&#8243; background_size=&#8221;initial&#8221; background_position=&#8221;top_left&#8221; background_repeat=&#8221;repeat&#8221; global_colors_info=&#8221;{}&#8221;][et_pb_column type=&#8221;4_4&#8243; _builder_version=&#8221;4.16&#8243; custom_padding=&#8221;|||&#8221; global_colors_info=&#8221;{}&#8221; custom_padding__hover=&#8221;|||&#8221;][et_pb_text admin_label=&#8221;Text&#8221; _builder_version=&#8221;4.22.2&#8243; background_size=&#8221;initial&#8221; background_position=&#8221;top_left&#8221; background_repeat=&#8221;repeat&#8221; hover_enabled=&#8221;0&#8243; global_colors_info=&#8221;{}&#8221; sticky_enabled=&#8221;0&#8243;]<\/p>\n<div class=\"wp-block-file\">\n<p>Prosimy o pobranie wniosku o cz\u0142onkostwo lub upowa\u017cnienia do polecenia zap\u0142aty na sw\u00f3j komputer, wydrukowanie go, wype\u0142nienie i odes\u0142anie d<span>o <a href=\"mailto:kossak@dpjv.de\">Pana Matthiasa Kossaka<\/a><\/span>. Do otwarcia tych plik\u00f3w potrzebny jest darmowy program Adobe Acrobat Reader.<\/p>\n<p>&nbsp;<\/p>\n<\/div>\n<div class=\"wp-block-file\"><a href=\"https:\/\/staradpjv.hellothere.pl\/wp-content\/uploads\/Mitgliedsantrag-DPJV-DE-PL-2023.pdf\">Formularz wniosku z upowa\u017cnieniem do polecenia zap\u0142aty Pobierz <\/a><\/div>\n<div class=\"wp-block-file\"><a id=\"wp-block-file--media-6740b528-ee90-4880-81a9-72d1354d3c17\" href=\"https:\/\/staradpjv.hellothere.pl\/wp-content\/uploads\/SEPA-Lastschriftmandat.pdf\">Polecenie zap\u0142aty SEPA<\/a><a href=\"https:\/\/staradpjv.hellothere.pl\/wp-content\/uploads\/SEPA-Lastschriftmandat.pdf\" class=\"wp-block-file__button\" download=\"\" aria-describedby=\"wp-block-file--media-6740b528-ee90-4880-81a9-72d1354d3c17\">pobieranie<\/a>\u00a0<\/div>\n<p>&nbsp;<\/p>\n<div style=\"height: 100px;\" aria-hidden=\"true\" class=\"wp-block-spacer\"><\/div>\n<p>&nbsp;<\/p>\n<p>&nbsp;<\/p>\n<div style=\"height: 100px;\" aria-hidden=\"true\" class=\"wp-block-spacer\"><\/div>\n<p>&nbsp;<\/p>\n<p>&nbsp;<\/p>\n<div style=\"height: 100px;\" aria-hidden=\"true\" class=\"wp-block-spacer\"><\/div>\n<p>&nbsp;<\/p>\n<p>&nbsp;<\/p>\n<p>&nbsp;<\/p>\n<p>&nbsp;<\/p>\n<p>&nbsp;<\/p>\n<p>&nbsp;<\/p>\n<p>&nbsp;<\/p>\n<p>&nbsp;<\/p>\n<p>&nbsp;<\/p>\n<p>&nbsp;<\/p>\n<p>&nbsp;<\/p>\n<p>&nbsp;<\/p>\n<p>&nbsp;<\/p>\n<p>&nbsp;<\/p>\n<p>&nbsp;<\/p>\n<p>[\/et_pb_text][\/et_pb_column][\/et_pb_row][\/et_pb_section]<\/p>\n","protected":false},"excerpt":{"rendered":"<p>Prosimy o pobranie wniosku o cz\u0142onkostwo lub upowa\u017cnienia do polecenia zap\u0142aty na sw\u00f3j komputer, wydrukowanie go, wype\u0142nienie i odes\u0142anie do Pana Matthiasa Kossaka. Do otwarcia tych plik\u00f3w potrzebny jest darmowy program Adobe Acrobat Reader. &nbsp; Formularz wniosku z upowa\u017cnieniem do polecenia zap\u0142aty Pobierz Polecenie zap\u0142aty SEPApobieranie\u00a0 &nbsp; &nbsp; &nbsp; &nbsp; &nbsp; &nbsp; &nbsp; &nbsp; &nbsp; [&hellip;]<\/p>\n","protected":false},"author":3,"featured_media":0,"parent":0,"menu_order":0,"comment_status":"closed","ping_status":"closed","template":"","meta":{"_et_pb_use_builder":"on","_et_pb_old_content":"","_et_gb_content_width":"","_cbd_carousel_blocks":"[]","footnotes":""},"class_list":["post-1052","page","type-page","status-publish","hentry"],"_links":{"self":[{"href":"https:\/\/staradpjv.hellothere.pl\/pl\/wp-json\/wp\/v2\/pages\/1052","targetHints":{"allow":["GET"]}}],"collection":[{"href":"https:\/\/staradpjv.hellothere.pl\/pl\/wp-json\/wp\/v2\/pages"}],"about":[{"href":"https:\/\/staradpjv.hellothere.pl\/pl\/wp-json\/wp\/v2\/types\/page"}],"author":[{"embeddable":true,"href":"https:\/\/staradpjv.hellothere.pl\/pl\/wp-json\/wp\/v2\/users\/3"}],"replies":[{"embeddable":true,"href":"https:\/\/staradpjv.hellothere.pl\/pl\/wp-json\/wp\/v2\/comments?post=1052"}],"version-history":[{"count":8,"href":"https:\/\/staradpjv.hellothere.pl\/pl\/wp-json\/wp\/v2\/pages\/1052\/revisions"}],"predecessor-version":[{"id":2377,"href":"https:\/\/staradpjv.hellothere.pl\/pl\/wp-json\/wp\/v2\/pages\/1052\/revisions\/2377"}],"wp:attachment":[{"href":"https:\/\/staradpjv.hellothere.pl\/pl\/wp-json\/wp\/v2\/media?parent=1052"}],"curies":[{"name":"wp","href":"https:\/\/api.w.org\/{rel}","templated":true}]}}